{"id":98,"date":"2022-01-21T19:13:31","date_gmt":"2022-01-21T19:13:31","guid":{"rendered":"https:\/\/casagoni.com.ar\/?page_id=98"},"modified":"2024-10-16T15:48:26","modified_gmt":"2024-10-16T15:48:26","slug":"auriculares","status":"publish","type":"page","link":"https:\/\/casagoni.com.ar\/index.php\/auriculares\/","title":{"rendered":"Auriculares"},"content":{"rendered":"\n<p class=\"has-text-align-center\" style=\"font-size:30px\"><strong>GENIUS<\/strong><\/p>\n\n\n\n<div style=\"height:100px\" aria-hidden=\"true\" class=\"wp-block-spacer\"><\/div>\n\n\n\n<div class=\"wp-block-media-text alignwide is-stacked-on-mobile\"><figure class=\"wp-block-media-text__media\"><img loading=\"lazy\" decoding=\"async\" width=\"907\" height=\"1024\" src=\"https:\/\/casagoni.com.ar\/wp-content\/uploads\/2022\/08\/D_NQ_NP_2X_892803-MLA41257809321_032020-F-907x1024.webp\" alt=\"\" class=\"wp-image-289 size-full\" srcset=\"https:\/\/casagoni.com.ar\/wp-content\/uploads\/2022\/08\/D_NQ_NP_2X_892803-MLA41257809321_032020-F-907x1024.webp 907w, https:\/\/casagoni.com.ar\/wp-content\/uploads\/2022\/08\/D_NQ_NP_2X_892803-MLA41257809321_032020-F-266x300.webp 266w, https:\/\/casagoni.com.ar\/wp-content\/uploads\/2022\/08\/D_NQ_NP_2X_892803-MLA41257809321_032020-F-768x867.webp 768w, https:\/\/casagoni.com.ar\/wp-content\/uploads\/2022\/08\/D_NQ_NP_2X_892803-MLA41257809321_032020-F-750x847.webp 750w, https:\/\/casagoni.com.ar\/wp-content\/uploads\/2022\/08\/D_NQ_NP_2X_892803-MLA41257809321_032020-F.webp 916w\" sizes=\"auto, (max-width: 907px) 100vw, 907px\" \/><\/figure><div class=\"wp-block-media-text__content\">\n<p><strong>GENIUS HS 04 S<\/strong><\/p>\n\n\n\n<p><strong>Genial para juegos en Internet, chat de voz, conferencia en l\u00ednea<br>El micr\u00f3fono filtra ruido de fondo no deseado<br>Dise\u00f1o de banda de cabeza confortable y ajustable, configuraci\u00f3n de micr\u00f3fono para el lado derecho o el lado izquierdo<br>Almohadilla blandas para las orejas para confort y durabilidad<br>El auricular incluye control de volumen<br>Conexi\u00f3n: 2 Jacks de 3.5mm<\/strong><\/p>\n<\/div><\/div>\n\n\n\n<div style=\"height:100px\" aria-hidden=\"true\" class=\"wp-block-spacer\"><\/div>\n\n\n\n<div class=\"wp-block-media-text alignwide has-media-on-the-right is-stacked-on-mobile\"><div class=\"wp-block-media-text__content\">\n<p><strong>GENIUS HS 200 C<\/strong><\/p>\n\n\n\n<h2 class=\"wp-block-heading\">Descripci\u00f3n<\/h2>\n\n\n\n<p><strong>Auricular Para Notebook y Celular<br>Producto Genius Original<br>Headset con micr\u00f3fono<br>Garant\u00eda: 30 d\u00edas.<br>CARACTER\u00cdSTICAS:<br>\u2022 Auricular ajustable &#8211; almohadillas blandas.<br>\u2022 Aud\u00edfono ligero para la cabeza con micr\u00f3fono giratorio.<br>\u2022 Ideal para Skype e Internet chat.<br>ESPECIFICACIONES:<br>Auriculares:<br>&#8211; Respuesta en frecuencia: 20Hz ~ 20KHz<br>&#8211; 32ohm<br>&#8211; Sensibilidad: 105dB<br>&#8211; Longitud del cable: +- 1,8 m APROXIMADO.<br>&#8211; Conexi\u00f3n 2 jack de 3.5 mm<br>Micr\u00f3fono:<br>&#8211; Sensibilidad: -38dB<br>&#8211; Directividad: direcci\u00f3n Omni<\/strong><\/p>\n<\/div><figure class=\"wp-block-media-text__media\"><img loading=\"lazy\" decoding=\"async\" width=\"828\" height=\"1013\" src=\"https:\/\/casagoni.com.ar\/wp-content\/uploads\/2022\/08\/D_NQ_NP_2X_916760-MLA42920281708_072020-F.webp\" alt=\"\" class=\"wp-image-292 size-full\" srcset=\"https:\/\/casagoni.com.ar\/wp-content\/uploads\/2022\/08\/D_NQ_NP_2X_916760-MLA42920281708_072020-F.webp 828w, https:\/\/casagoni.com.ar\/wp-content\/uploads\/2022\/08\/D_NQ_NP_2X_916760-MLA42920281708_072020-F-245x300.webp 245w, https:\/\/casagoni.com.ar\/wp-content\/uploads\/2022\/08\/D_NQ_NP_2X_916760-MLA42920281708_072020-F-768x940.webp 768w, https:\/\/casagoni.com.ar\/wp-content\/uploads\/2022\/08\/D_NQ_NP_2X_916760-MLA42920281708_072020-F-750x918.webp 750w\" sizes=\"auto, (max-width: 828px) 100vw, 828px\" \/><\/figure><\/div>\n\n\n\n<div style=\"height:100px\" aria-hidden=\"true\" class=\"wp-block-spacer\"><\/div>\n\n\n\n<div class=\"wp-block-media-text alignwide is-stacked-on-mobile\"><figure class=\"wp-block-media-text__media\"><img loading=\"lazy\" decoding=\"async\" width=\"414\" height=\"500\" src=\"https:\/\/casagoni.com.ar\/wp-content\/uploads\/2022\/08\/D_NQ_NP_999815-MLA49295797164_032022-O.webp\" alt=\"\" class=\"wp-image-293 size-full\" srcset=\"https:\/\/casagoni.com.ar\/wp-content\/uploads\/2022\/08\/D_NQ_NP_999815-MLA49295797164_032022-O.webp 414w, https:\/\/casagoni.com.ar\/wp-content\/uploads\/2022\/08\/D_NQ_NP_999815-MLA49295797164_032022-O-248x300.webp 248w\" sizes=\"auto, (max-width: 414px) 100vw, 414px\" \/><\/figure><div class=\"wp-block-media-text__content\">\n<p><strong>GENIUS HS 300N<\/strong><\/p>\n\n\n\n<p><strong>Especificaciones:<\/strong><\/p>\n\n\n\n<p><strong> Ideal para chat en Internet.<br>\u2022 Control de volumen en cable.<br>\u2022 C\u00f3modas orejeras.<br>\u2022 Micr\u00f3fono m\u00f3vil.<br>\u2022 Vincha plegable.<\/strong><\/p>\n\n\n\n<p><strong>Especificaciones t\u00e9cnicas:<br>-Respuesta en frecuencia: 20Hz~20KHz<br>-Impedancia: 32 O<br>-Sensibilidad: 118 dB<br>-Longitud del cable: 1.8 m<\/strong><\/p>\n<\/div><\/div>\n\n\n\n<p><\/p>\n\n\n\n<div style=\"height:101px\" aria-hidden=\"true\" class=\"wp-block-spacer\"><\/div>\n\n\n\n<p class=\"has-text-align-center\" style=\"font-size:30px\"><strong>NOGANET<\/strong><\/p>\n\n\n\n<p><\/p>\n\n\n\n<div class=\"wp-block-media-text alignwide has-media-on-the-right is-stacked-on-mobile\"><div class=\"wp-block-media-text__content\">\n<p><strong>NOGA NG 55<\/strong><\/p>\n\n\n\n<p><strong>CARACTERISTICAS:<br>&#8211; Di\u00e1metro de Auricular: 40 mm<br>&#8211; Dise\u00f1o Plegable<br>&#8211; Acolchados con vincha ajustable<br>&#8211; Rubber Finish<br>&#8211; Sistema de Manos Libres con Micr\u00f3fono incorporado en cable<br>&#8211; Conector miniplug 3.5 mm Stereo<br>&#8211; Longitud del cable 1.2 metros<br>&#8211; Cable desmontable<\/strong><\/p>\n<\/div><figure class=\"wp-block-media-text__media\"><img loading=\"lazy\" decoding=\"async\" width=\"500\" height=\"441\" src=\"https:\/\/casagoni.com.ar\/wp-content\/uploads\/2022\/08\/D_NQ_NP_741214-MLA31584273814_072019-O.webp\" alt=\"\" class=\"wp-image-296 size-full\" srcset=\"https:\/\/casagoni.com.ar\/wp-content\/uploads\/2022\/08\/D_NQ_NP_741214-MLA31584273814_072019-O.webp 500w, https:\/\/casagoni.com.ar\/wp-content\/uploads\/2022\/08\/D_NQ_NP_741214-MLA31584273814_072019-O-300x265.webp 300w\" sizes=\"auto, (max-width: 500px) 100vw, 500px\" \/><\/figure><\/div>\n\n\n\n<div style=\"height:100px\" aria-hidden=\"true\" class=\"wp-block-spacer\"><\/div>\n\n\n\n<div class=\"wp-block-media-text alignwide is-stacked-on-mobile\"><figure class=\"wp-block-media-text__media\"><img loading=\"lazy\" decoding=\"async\" width=\"500\" height=\"500\" src=\"https:\/\/casagoni.com.ar\/wp-content\/uploads\/2022\/08\/D_NQ_NP_652141-MLA28816385731_112018-O.webp\" alt=\"\" class=\"wp-image-297 size-full\" srcset=\"https:\/\/casagoni.com.ar\/wp-content\/uploads\/2022\/08\/D_NQ_NP_652141-MLA28816385731_112018-O.webp 500w, https:\/\/casagoni.com.ar\/wp-content\/uploads\/2022\/08\/D_NQ_NP_652141-MLA28816385731_112018-O-300x300.webp 300w, https:\/\/casagoni.com.ar\/wp-content\/uploads\/2022\/08\/D_NQ_NP_652141-MLA28816385731_112018-O-150x150.webp 150w\" sizes=\"auto, (max-width: 500px) 100vw, 500px\" \/><\/figure><div class=\"wp-block-media-text__content\">\n<p><strong>NOGA X4600<\/strong><\/p>\n\n\n\n<p><strong>ESPECIFICACIONES TECNICAS<\/strong><\/p>\n\n\n\n<p>&#8211;<strong> Sonido con Bajos Potenciados<br>&#8211; Potencia Total: 15mW<br>&#8211; Di\u00e1metro de auricular: 40 mm<br>&#8211; Cable desmontable con 2 conectores miniplug 3.5 Stereo<br>&#8211; Longitud del Cable: 1,2 metros<br>&#8211; Vincha ajustable<br>&#8211; Acolchados, confortables y livianos<br>&#8211; Rubber Finish<\/strong><\/p>\n<\/div><\/div>\n\n\n\n<p class=\"has-text-align-center\" style=\"font-size:30px\"><\/p>\n\n\n\n<p><\/p>\n\n\n\n<p class=\"has-text-align-center has-x-large-font-size\"><strong>NOBLEX<\/strong><\/p>\n\n\n\n<div class=\"wp-block-media-text is-stacked-on-mobile\"><figure class=\"wp-block-media-text__media\"><img loading=\"lazy\" decoding=\"async\" width=\"308\" height=\"500\" src=\"https:\/\/casagoni.com.ar\/wp-content\/uploads\/2023\/09\/D_NQ_NP_819459-MLA51760441430_092022-O.webp\" alt=\"\" class=\"wp-image-404 size-full\" srcset=\"https:\/\/casagoni.com.ar\/wp-content\/uploads\/2023\/09\/D_NQ_NP_819459-MLA51760441430_092022-O.webp 308w, https:\/\/casagoni.com.ar\/wp-content\/uploads\/2023\/09\/D_NQ_NP_819459-MLA51760441430_092022-O-185x300.webp 185w\" sizes=\"auto, (max-width: 308px) 100vw, 308px\" \/><\/figure><div class=\"wp-block-media-text__content\">\n<p><strong>NOBLEX HP107BB<\/strong><\/p>\n\n\n\n<p class=\"has-small-font-size\">Auricular formato vincha<br>Almohadillas recubiertas en cuerina que proporcionan una gran comodidad para usar durante tiempos prolongados<br>Sistema rotativo para ajustarlo a diferentes posiciones<br>Micr\u00f3fono con manos libres para llamadas<br>Gran calidad de sonido, especialmente para uso multimedia<\/p>\n\n\n\n<p class=\"has-small-font-size\">Caracter\u00edsticas t\u00e9cnicas:<br>&#8211; Driver: 40mm<br>&#8211; Respuesta de frecuencia: 20 Hz &#8211; 20 kHz<br>&#8211; Sensibilidad: 110 dB +\/- 3DB<br>&#8211; Conector Plug 3.5mm con cable de 1.2 metros<br>&#8211; Peso: 300 gr<br><\/p>\n<\/div><\/div>\n\n\n\n<div style=\"height:100px\" aria-hidden=\"true\" class=\"wp-block-spacer\"><\/div>\n\n\n\n<p class=\"has-text-align-center has-x-large-font-size\"><strong>AIWA<\/strong><\/p>\n\n\n\n<div style=\"height:100px\" aria-hidden=\"true\" class=\"wp-block-spacer\"><\/div>\n\n\n\n<div class=\"wp-block-media-text is-stacked-on-mobile\"><figure class=\"wp-block-media-text__media\"><img loading=\"lazy\" decoding=\"async\" width=\"298\" height=\"500\" src=\"https:\/\/casagoni.com.ar\/wp-content\/uploads\/2023\/09\/D_NQ_NP_897831-MLA48109170207_112021-O.webp\" alt=\"\" class=\"wp-image-406 size-full\" srcset=\"https:\/\/casagoni.com.ar\/wp-content\/uploads\/2023\/09\/D_NQ_NP_897831-MLA48109170207_112021-O.webp 298w, https:\/\/casagoni.com.ar\/wp-content\/uploads\/2023\/09\/D_NQ_NP_897831-MLA48109170207_112021-O-179x300.webp 179w\" sizes=\"auto, (max-width: 298px) 100vw, 298px\" \/><\/figure><div class=\"wp-block-media-text__content\">\n<p><strong>AIWA 102<\/strong><\/p>\n\n\n\n<ul class=\"wp-block-list\">\n<li>Con micr\u00f3fono incorporado.<\/li>\n\n\n\n<li>El largo del cable es de 1.2&nbsp;m.<\/li>\n\n\n\n<li>Sonido superior y sin l\u00edmites.<\/li>\n\n\n\n<li>C\u00f3modos y pr\u00e1cticos.<\/li>\n\n\n\n<li>Tama\u00f1o del altavoz: 40mm.<\/li>\n<\/ul>\n<\/div><\/div>\n","protected":false},"excerpt":{"rendered":"<p>GENIUS GENIUS HS 04 S Genial para juegos en Internet, chat de voz, conferencia en l\u00edneaEl micr\u00f3fono filtra ruido de fondo no deseadoDise\u00f1o de banda de cabeza confortable y ajustable, configuraci\u00f3n de micr\u00f3fono para el lado derecho o el lado izquierdoAlmohadilla blandas para las orejas para confort y durabilidadEl auricular incluye control de volumenConexi\u00f3n: 2&hellip;<\/p>\n","protected":false},"author":1,"featured_media":0,"parent":0,"menu_order":0,"comment_status":"closed","ping_status":"closed","template":"","meta":{"footnotes":""},"class_list":["post-98","page","type-page","status-publish","hentry"],"_links":{"self":[{"href":"https:\/\/casagoni.com.ar\/index.php\/wp-json\/wp\/v2\/pages\/98","targetHints":{"allow":["GET"]}}],"collection":[{"href":"https:\/\/casagoni.com.ar\/index.php\/wp-json\/wp\/v2\/pages"}],"about":[{"href":"https:\/\/casagoni.com.ar\/index.php\/wp-json\/wp\/v2\/types\/page"}],"author":[{"embeddable":true,"href":"https:\/\/casagoni.com.ar\/index.php\/wp-json\/wp\/v2\/users\/1"}],"replies":[{"embeddable":true,"href":"https:\/\/casagoni.com.ar\/index.php\/wp-json\/wp\/v2\/comments?post=98"}],"version-history":[{"count":7,"href":"https:\/\/casagoni.com.ar\/index.php\/wp-json\/wp\/v2\/pages\/98\/revisions"}],"predecessor-version":[{"id":506,"href":"https:\/\/casagoni.com.ar\/index.php\/wp-json\/wp\/v2\/pages\/98\/revisions\/506"}],"wp:attachment":[{"href":"https:\/\/casagoni.com.ar\/index.php\/wp-json\/wp\/v2\/media?parent=98"}],"curies":[{"name":"wp","href":"https:\/\/api.w.org\/{rel}","templated":true}]}}