{"id":82,"date":"2022-01-21T19:13:03","date_gmt":"2022-01-21T19:13:03","guid":{"rendered":"https:\/\/casagoni.com.ar\/?page_id=82"},"modified":"2025-09-08T17:22:30","modified_gmt":"2025-09-08T17:22:30","slug":"pen-drives","status":"publish","type":"page","link":"https:\/\/casagoni.com.ar\/index.php\/pen-drives\/","title":{"rendered":"Pen drives"},"content":{"rendered":"\n<div class=\"wp-block-media-text alignwide is-stacked-on-mobile\"><figure class=\"wp-block-media-text__media\"><img loading=\"lazy\" decoding=\"async\" width=\"378\" height=\"500\" src=\"https:\/\/casagoni.com.ar\/wp-content\/uploads\/2022\/08\/D_NQ_NP_660956-MLA49386406453_032022-O.webp\" alt=\"\" class=\"wp-image-302 size-full\" srcset=\"https:\/\/casagoni.com.ar\/wp-content\/uploads\/2022\/08\/D_NQ_NP_660956-MLA49386406453_032022-O.webp 378w, https:\/\/casagoni.com.ar\/wp-content\/uploads\/2022\/08\/D_NQ_NP_660956-MLA49386406453_032022-O-227x300.webp 227w\" sizes=\"auto, (max-width: 378px) 100vw, 378px\" \/><\/figure><div class=\"wp-block-media-text__content\">\n<p><strong>HIKVISION<\/strong> <strong>32\/64<\/strong>\/<strong>128\/256GB.<\/strong><\/p>\n\n\n\n<p><strong>La unidad flash USB M200S extiende la capacidad de almacenamiento para dispositivos y realiza copias de seguridad y almacenamiento r\u00e1pidos<br>\u00bfPara los archivos? Proporciona dispositivos y dispositivos Android con la interfaz USB con una transmisi\u00f3n de datos r\u00e1pida, estable y f\u00e1cil.<\/strong><\/p>\n\n\n\n<p>* <strong>Capacidad de almacenamiento de extensi\u00f3n<br>Aumenta la capacidad de almacenamiento de los dispositivos con la interfaz USB.<\/strong><\/p>\n\n\n\n<p>* <strong>Transmisi\u00f3n estable y r\u00e1pida<br>Copia y transfiere archivos de forma r\u00e1pida y estable.<\/strong><\/p>\n\n\n\n<p>* <strong>Alta compatibilidad de archivos<br>Admite archivos de varios formatos.<\/strong><\/p>\n\n\n\n<p>* <strong>Enchufe y jugar<br>Conecta la unidad para funcionar, no se requiere red ni cable de datos.<\/strong><\/p>\n\n\n\n<p>*<strong>Delgado y port\u00e1til<br>Tama\u00f1o peque\u00f1o, f\u00e1cil de llevar.<\/strong><\/p>\n\n\n\n<p><strong>Modelo: HS-USB-M200S<br>Apariencia Color: Negro<br>Dimensiones: 58mm * 20mm * 11mm<br>Peso: &lt;25 g<br>Capacidad total: 16\/32\/64 GB<br>Actuaci\u00f3n Max. Velocidad de lectura (MB \/ s): 10-20MB \/ s<br>Max. velocidad de escritura (MB \/ s): 3-10MB \/ s<\/strong><br>Interfaz Interfaz: USB 2.0<\/p>\n<\/div><\/div>\n\n\n\n<div style=\"height:100px\" aria-hidden=\"true\" class=\"wp-block-spacer\"><\/div>\n\n\n\n<p><\/p>\n","protected":false},"excerpt":{"rendered":"<p>HIKVISION 32\/64\/128\/256GB. La unidad flash USB M200S extiende la capacidad de almacenamiento para dispositivos y realiza copias de seguridad y almacenamiento r\u00e1pidos\u00bfPara los archivos? Proporciona dispositivos y dispositivos Android con la interfaz USB con una transmisi\u00f3n de datos r\u00e1pida, estable y f\u00e1cil. * Capacidad de almacenamiento de extensi\u00f3nAumenta la capacidad de almacenamiento de los dispositivos&hellip;<\/p>\n","protected":false},"author":1,"featured_media":0,"parent":0,"menu_order":0,"comment_status":"closed","ping_status":"closed","template":"","meta":{"footnotes":""},"class_list":["post-82","page","type-page","status-publish","hentry"],"_links":{"self":[{"href":"https:\/\/casagoni.com.ar\/index.php\/wp-json\/wp\/v2\/pages\/82","targetHints":{"allow":["GET"]}}],"collection":[{"href":"https:\/\/casagoni.com.ar\/index.php\/wp-json\/wp\/v2\/pages"}],"about":[{"href":"https:\/\/casagoni.com.ar\/index.php\/wp-json\/wp\/v2\/types\/page"}],"author":[{"embeddable":true,"href":"https:\/\/casagoni.com.ar\/index.php\/wp-json\/wp\/v2\/users\/1"}],"replies":[{"embeddable":true,"href":"https:\/\/casagoni.com.ar\/index.php\/wp-json\/wp\/v2\/comments?post=82"}],"version-history":[{"count":5,"href":"https:\/\/casagoni.com.ar\/index.php\/wp-json\/wp\/v2\/pages\/82\/revisions"}],"predecessor-version":[{"id":578,"href":"https:\/\/casagoni.com.ar\/index.php\/wp-json\/wp\/v2\/pages\/82\/revisions\/578"}],"wp:attachment":[{"href":"https:\/\/casagoni.com.ar\/index.php\/wp-json\/wp\/v2\/media?parent=82"}],"curies":[{"name":"wp","href":"https:\/\/api.w.org\/{rel}","templated":true}]}}