{"id":81,"date":"2022-01-21T19:13:03","date_gmt":"2022-01-21T19:13:03","guid":{"rendered":"https:\/\/casagoni.com.ar\/?page_id=81"},"modified":"2025-09-08T17:24:10","modified_gmt":"2025-09-08T17:24:10","slug":"parlantes","status":"publish","type":"page","link":"https:\/\/casagoni.com.ar\/index.php\/parlantes\/","title":{"rendered":"Parlantes"},"content":{"rendered":"\n<p class=\"has-text-align-center\" style=\"font-size:30px\"><strong>GENIUS<\/strong><\/p>\n\n\n\n<p><\/p>\n\n\n\n<div class=\"wp-block-media-text alignwide is-stacked-on-mobile\"><figure class=\"wp-block-media-text__media\"><img loading=\"lazy\" decoding=\"async\" width=\"500\" height=\"443\" src=\"https:\/\/casagoni.com.ar\/wp-content\/uploads\/2025\/09\/D_NQ_NP_787359-MLA42899391577_072020-O.webp\" alt=\"\" class=\"wp-image-579 size-full\" srcset=\"https:\/\/casagoni.com.ar\/wp-content\/uploads\/2025\/09\/D_NQ_NP_787359-MLA42899391577_072020-O.webp 500w, https:\/\/casagoni.com.ar\/wp-content\/uploads\/2025\/09\/D_NQ_NP_787359-MLA42899391577_072020-O-300x266.webp 300w\" sizes=\"auto, (max-width: 500px) 100vw, 500px\" \/><\/figure><div class=\"wp-block-media-text__content\">\n<p><strong>GENIUS <\/strong><\/p>\n\n\n\n<ul class=\"wp-block-list\">\n<li>Potencia de 6W.<\/li>\n\n\n\n<li>Conector de entrada: Plug.<\/li>\n\n\n\n<li>Cantidad de parlantes: 2.<\/li>\n\n\n\n<li>Dimensiones: 8.4 cm de ancho, 12.9 cm de alto y 8.4 cm de profundidad.<\/li>\n<\/ul>\n<\/div><\/div>\n\n\n\n<div style=\"height:100px\" aria-hidden=\"true\" class=\"wp-block-spacer\"><\/div>\n\n\n\n<p class=\"has-text-align-center\" style=\"font-size:30px\"><strong>NOGANET<\/strong><\/p>\n\n\n\n<p><\/p>\n\n\n\n<div class=\"wp-block-media-text alignwide is-stacked-on-mobile\"><figure class=\"wp-block-media-text__media\"><img loading=\"lazy\" decoding=\"async\" width=\"559\" height=\"1024\" src=\"https:\/\/casagoni.com.ar\/wp-content\/uploads\/2022\/08\/D_NQ_NP_2X_679513-MLA50434358853_062022-F-559x1024.webp\" alt=\"\" class=\"wp-image-284 size-full\" srcset=\"https:\/\/casagoni.com.ar\/wp-content\/uploads\/2022\/08\/D_NQ_NP_2X_679513-MLA50434358853_062022-F-559x1024.webp 559w, https:\/\/casagoni.com.ar\/wp-content\/uploads\/2022\/08\/D_NQ_NP_2X_679513-MLA50434358853_062022-F-164x300.webp 164w, https:\/\/casagoni.com.ar\/wp-content\/uploads\/2022\/08\/D_NQ_NP_2X_679513-MLA50434358853_062022-F.webp 655w\" sizes=\"auto, (max-width: 559px) 100vw, 559px\" \/><\/figure><div class=\"wp-block-media-text__content\">\n<p><strong>NOGA LAMP PRO 360\u00ba<\/strong><\/p>\n\n\n\n<ul class=\"wp-block-list\">\n<li><strong>Potencia Total 5W<\/strong><\/li>\n\n\n\n<li><strong>&#8211; Tecnolog\u00eda Inal\u00e1mbrica versi\u00f3n 4.0<\/strong><\/li>\n\n\n\n<li><strong>&#8211; Recepci\u00f3n Bluetooth con alcance de hasta 10 metros<\/strong><\/li>\n\n\n\n<li><strong>&#8211; LED Light omnidireccional de 360\u00b0<\/strong><\/li>\n\n\n\n<li><strong>&#8211; Controles T\u00e1ctiles ON\/OFF, Anterior\/Volumen -, Play\/Pause, Siguiente\/Volumen +<\/strong><\/li>\n\n\n\n<li><strong>&#8211; Mini LEDS indicadores de carga, conexi\u00f3n BT y porcentaje de carga<\/strong><\/li>\n\n\n\n<li><strong>&#8211; Entrada Auxiliar de Audio de miniplug 3.5 mm Stereo (incluye cable)<\/strong><\/li>\n\n\n\n<li><strong>&#8211; Puerto micro USB DC5V 1A para recarga de Bater\u00eda (incluye cable)<\/strong><\/li>\n\n\n\n<li><strong>&#8211; Funciona con Bater\u00eda de Litio Recargable de 1500mAH<\/strong><\/li>\n\n\n\n<li><strong>&#8211; Tiempo de carga: 2 horas<\/strong><\/li>\n\n\n\n<li><strong>&#8211; Manija de transporte\/sujecci\u00f3n para usarlo como l\u00e1mpara de campamento LED<\/strong><\/li>\n\n\n\n<li><strong>&#8211; Material Rubber Finish en la parte superior<\/strong><\/li>\n\n\n\n<li><strong>&#8211; Medidas: 22 cm. (Alto con manija) x 9,7 cm. (Di\u00e1metro)<\/strong><\/li>\n<\/ul>\n<\/div><\/div>\n\n\n\n<div style=\"height:100px\" aria-hidden=\"true\" class=\"wp-block-spacer\"><\/div>\n\n\n\n<p class=\"has-text-align-center has-x-large-font-size\"><strong>GFAST<\/strong><\/p>\n\n\n\n<p><\/p>\n\n\n\n<div class=\"wp-block-media-text has-media-on-the-right is-stacked-on-mobile\"><div class=\"wp-block-media-text__content\">\n<p><strong>Parlantes USB 2.0 con regulaci\u00f3n de volumen<\/strong><\/p>\n<\/div><figure class=\"wp-block-media-text__media\"><img loading=\"lazy\" decoding=\"async\" width=\"483\" height=\"500\" src=\"https:\/\/casagoni.com.ar\/wp-content\/uploads\/2024\/10\/D_NQ_NP_696488-MLA45994619450_052021-O.webp\" alt=\"\" class=\"wp-image-508 size-full\" srcset=\"https:\/\/casagoni.com.ar\/wp-content\/uploads\/2024\/10\/D_NQ_NP_696488-MLA45994619450_052021-O.webp 483w, https:\/\/casagoni.com.ar\/wp-content\/uploads\/2024\/10\/D_NQ_NP_696488-MLA45994619450_052021-O-290x300.webp 290w\" sizes=\"auto, (max-width: 483px) 100vw, 483px\" \/><\/figure><\/div>\n","protected":false},"excerpt":{"rendered":"<p>GENIUS NOGANET GFAST Parlantes USB 2.0 con regulaci\u00f3n de volumen<\/p>\n","protected":false},"author":1,"featured_media":0,"parent":0,"menu_order":0,"comment_status":"closed","ping_status":"closed","template":"","meta":{"footnotes":""},"class_list":["post-81","page","type-page","status-publish","hentry"],"_links":{"self":[{"href":"https:\/\/casagoni.com.ar\/index.php\/wp-json\/wp\/v2\/pages\/81","targetHints":{"allow":["GET"]}}],"collection":[{"href":"https:\/\/casagoni.com.ar\/index.php\/wp-json\/wp\/v2\/pages"}],"about":[{"href":"https:\/\/casagoni.com.ar\/index.php\/wp-json\/wp\/v2\/types\/page"}],"author":[{"embeddable":true,"href":"https:\/\/casagoni.com.ar\/index.php\/wp-json\/wp\/v2\/users\/1"}],"replies":[{"embeddable":true,"href":"https:\/\/casagoni.com.ar\/index.php\/wp-json\/wp\/v2\/comments?post=81"}],"version-history":[{"count":7,"href":"https:\/\/casagoni.com.ar\/index.php\/wp-json\/wp\/v2\/pages\/81\/revisions"}],"predecessor-version":[{"id":582,"href":"https:\/\/casagoni.com.ar\/index.php\/wp-json\/wp\/v2\/pages\/81\/revisions\/582"}],"wp:attachment":[{"href":"https:\/\/casagoni.com.ar\/index.php\/wp-json\/wp\/v2\/media?parent=81"}],"curies":[{"name":"wp","href":"https:\/\/api.w.org\/{rel}","templated":true}]}}