{"id":79,"date":"2022-01-21T19:13:03","date_gmt":"2022-01-21T19:13:03","guid":{"rendered":"https:\/\/casagoni.com.ar\/?page_id=79"},"modified":"2024-10-16T16:13:29","modified_gmt":"2024-10-16T16:13:29","slug":"teclados","status":"publish","type":"page","link":"https:\/\/casagoni.com.ar\/index.php\/teclados\/","title":{"rendered":"Teclados"},"content":{"rendered":"\n<p class=\"has-text-align-center\" style=\"font-size:30px\"><strong>LOGITECH<\/strong><\/p>\n\n\n\n<p><\/p>\n\n\n\n<div class=\"wp-block-media-text alignwide is-stacked-on-mobile\"><figure class=\"wp-block-media-text__media\"><img loading=\"lazy\" decoding=\"async\" width=\"1024\" height=\"501\" src=\"https:\/\/casagoni.com.ar\/wp-content\/uploads\/2022\/08\/D_NQ_NP_2X_954593-MLA48377414356_112021-F-1024x501.webp\" alt=\"\" class=\"wp-image-238 size-full\" srcset=\"https:\/\/casagoni.com.ar\/wp-content\/uploads\/2022\/08\/D_NQ_NP_2X_954593-MLA48377414356_112021-F-1024x501.webp 1024w, https:\/\/casagoni.com.ar\/wp-content\/uploads\/2022\/08\/D_NQ_NP_2X_954593-MLA48377414356_112021-F-300x147.webp 300w, https:\/\/casagoni.com.ar\/wp-content\/uploads\/2022\/08\/D_NQ_NP_2X_954593-MLA48377414356_112021-F-768x376.webp 768w, https:\/\/casagoni.com.ar\/wp-content\/uploads\/2022\/08\/D_NQ_NP_2X_954593-MLA48377414356_112021-F-750x367.webp 750w, https:\/\/casagoni.com.ar\/wp-content\/uploads\/2022\/08\/D_NQ_NP_2X_954593-MLA48377414356_112021-F.webp 1200w\" sizes=\"auto, (max-width: 1024px) 100vw, 1024px\" \/><\/figure><div class=\"wp-block-media-text__content\">\n<p><strong>LOGITECH MK235 WIRELES<\/strong><\/p>\n\n\n\n<p><strong>ESPECIFICACIONES<br>Tipo de conexi\u00f3n: Protocolo no unifying Logitech (2,4 GHz) con nano receptor USB<br>Radio de acci\u00f3n inal\u00e1mbrico: 10 metros \/ 33 pies<br>Software compatible: Logitech SetPoint<br>&nbsp;<br>Teclado<br>Teclas planas<br>Altura de teclado ajustable<br>Bater\u00edas: 2 x AAA<br>Duraci\u00f3n de las bater\u00edas (no recargables): 36 meses<br>Botones\/Teclas especiales: 15 teclas de funci\u00f3n accesibles a trav\u00e9s de la tecla \u00abfn\u00bb<br>&nbsp;<br>Mouse<br>Conexi\u00f3n\/alimentaci\u00f3n: Bot\u00f3n de encendido\/apagado<br>Tecnolog\u00eda de sensor: Seguimiento \u00f3ptico avanzado<br>Bater\u00eda: 1 x AA<br>Duraci\u00f3n de las bater\u00edas (no recargables): 12 meses<\/strong><\/p>\n<\/div><\/div>\n\n\n\n<div style=\"height:100px\" aria-hidden=\"true\" class=\"wp-block-spacer\"><\/div>\n\n\n\n<div class=\"wp-block-media-text alignwide has-media-on-the-right is-stacked-on-mobile\"><div class=\"wp-block-media-text__content\">\n<ul class=\"wp-block-list\">\n<li><strong>LOGITECH MK270 WIRELES<\/strong><\/li>\n\n\n\n<li><\/li>\n\n\n\n<li><strong>Tipo de sensor del mouse<\/strong>: \u00d3ptico<\/li>\n\n\n\n<li><strong>Resoluci\u00f3n del sensor del mouse<\/strong>: 1000 dpi<\/li>\n<\/ul>\n\n\n\n<ul class=\"wp-block-list\">\n<li><strong>Incluye bater\u00eda<\/strong>: S\u00ed<\/li>\n\n\n\n<li><strong>Es inal\u00e1mbrico<\/strong>: S\u00ed<\/li>\n<\/ul>\n\n\n\n<ul class=\"wp-block-list\">\n<li><strong>Conexi\u00f3n del teclado<\/strong>: USB<\/li>\n\n\n\n<li><strong>Altura del teclado<\/strong>: 149 mm<\/li>\n<\/ul>\n\n\n\n<ul class=\"wp-block-list\">\n<li><strong>Ancho del teclado<\/strong>: 441 mm<\/li>\n\n\n\n<li><strong>Profundidad del teclado<\/strong>: 18 mm<\/li>\n<\/ul>\n\n\n\n<ul class=\"wp-block-list\">\n<li><strong>Peso del teclado<\/strong>: 498 g<\/li>\n\n\n\n<li><strong>Alcance inal\u00e1mbrico del teclado<\/strong>: 10 m<\/li>\n<\/ul>\n\n\n\n<ul class=\"wp-block-list\">\n<li><strong>Cantidad de teclas del teclado<\/strong>: 103<\/li>\n\n\n\n<li><strong>Conexi\u00f3n del mouse<\/strong>: USB<\/li>\n<\/ul>\n\n\n\n<ul class=\"wp-block-list\">\n<li><strong>Altura del mouse<\/strong>: 99 mm<\/li>\n\n\n\n<li><strong>Ancho del mouse<\/strong>: 60 mm<\/li>\n<\/ul>\n\n\n\n<ul class=\"wp-block-list\">\n<li><strong>Profundidad del mouse<\/strong>: 39 mm<\/li>\n\n\n\n<li><strong>Peso del mouse<\/strong>: 75.2 g<\/li>\n<\/ul>\n\n\n\n<ul class=\"wp-block-list\">\n<li><strong>Alcance inal\u00e1mbrico del mouse<\/strong>: 10 m<\/li>\n\n\n\n<li><strong>Cantidad de botones del mouse<\/strong>: 3<\/li>\n<\/ul>\n\n\n\n<ul class=\"wp-block-list\">\n<li><strong>Es resistente a salpicaduras<\/strong>: S\u00ed<\/li>\n\n\n\n<li><strong>Sistemas operativos compatibles<\/strong>: <\/li>\n<\/ul>\n<\/div><figure class=\"wp-block-media-text__media\"><img loading=\"lazy\" decoding=\"async\" width=\"1024\" height=\"492\" src=\"https:\/\/casagoni.com.ar\/wp-content\/uploads\/2022\/08\/D_NQ_NP_2X_926355-MLA48377678560_112021-F-1024x492.webp\" alt=\"\" class=\"wp-image-240 size-full\" srcset=\"https:\/\/casagoni.com.ar\/wp-content\/uploads\/2022\/08\/D_NQ_NP_2X_926355-MLA48377678560_112021-F-1024x492.webp 1024w, https:\/\/casagoni.com.ar\/wp-content\/uploads\/2022\/08\/D_NQ_NP_2X_926355-MLA48377678560_112021-F-300x144.webp 300w, https:\/\/casagoni.com.ar\/wp-content\/uploads\/2022\/08\/D_NQ_NP_2X_926355-MLA48377678560_112021-F-768x369.webp 768w, https:\/\/casagoni.com.ar\/wp-content\/uploads\/2022\/08\/D_NQ_NP_2X_926355-MLA48377678560_112021-F-750x361.webp 750w, https:\/\/casagoni.com.ar\/wp-content\/uploads\/2022\/08\/D_NQ_NP_2X_926355-MLA48377678560_112021-F.webp 1200w\" sizes=\"auto, (max-width: 1024px) 100vw, 1024px\" \/><\/figure><\/div>\n\n\n\n<div style=\"height:100px\" aria-hidden=\"true\" class=\"wp-block-spacer\"><\/div>\n\n\n\n<div class=\"wp-block-media-text alignwide is-stacked-on-mobile\"><figure class=\"wp-block-media-text__media\"><img loading=\"lazy\" decoding=\"async\" width=\"1024\" height=\"543\" src=\"https:\/\/casagoni.com.ar\/wp-content\/uploads\/2022\/08\/D_NQ_NP_2X_935848-MLA50955116697_082022-F-1024x543.webp\" alt=\"\" class=\"wp-image-242 size-full\" srcset=\"https:\/\/casagoni.com.ar\/wp-content\/uploads\/2022\/08\/D_NQ_NP_2X_935848-MLA50955116697_082022-F-1024x543.webp 1024w, https:\/\/casagoni.com.ar\/wp-content\/uploads\/2022\/08\/D_NQ_NP_2X_935848-MLA50955116697_082022-F-300x159.webp 300w, https:\/\/casagoni.com.ar\/wp-content\/uploads\/2022\/08\/D_NQ_NP_2X_935848-MLA50955116697_082022-F-768x407.webp 768w, https:\/\/casagoni.com.ar\/wp-content\/uploads\/2022\/08\/D_NQ_NP_2X_935848-MLA50955116697_082022-F-750x398.webp 750w, https:\/\/casagoni.com.ar\/wp-content\/uploads\/2022\/08\/D_NQ_NP_2X_935848-MLA50955116697_082022-F.webp 1200w\" sizes=\"auto, (max-width: 1024px) 100vw, 1024px\" \/><\/figure><div class=\"wp-block-media-text__content\">\n<p><strong>LOGITECH K380 BLUETOOTH <\/strong><\/p>\n\n\n\n<ul class=\"wp-block-list\">\n<li><strong>Conectividad con m\u00faltiples dispositivos.<\/strong><\/li>\n\n\n\n<li><strong>Ergon\u00f3mico y apto para diversos usos.<\/strong><\/li>\n\n\n\n<li><strong>Resiste a salpicaduras.<\/strong><\/li>\n\n\n\n<li><strong>Tipo de teclado: tijera.<\/strong><\/li>\n\n\n\n<li><strong>Tecla plana.<\/strong><\/li>\n\n\n\n<li><strong>Medidas: 279mm de ancho, 124mm de alto y 16mm de profundidad.<\/strong><\/li>\n\n\n\n<li><strong>Indispensable para tus actividades.<\/strong><\/li>\n<\/ul>\n<\/div><\/div>\n\n\n\n<div style=\"height:100px\" aria-hidden=\"true\" class=\"wp-block-spacer\"><\/div>\n\n\n\n<div class=\"wp-block-media-text alignwide has-media-on-the-right is-stacked-on-mobile\"><div class=\"wp-block-media-text__content\">\n<p><strong>LOGITECH K400 WIRELES<\/strong><\/p>\n\n\n\n<ul class=\"wp-block-list\">\n<li><strong>Es inal\u00e1mbrico y funciona con pilas.<\/strong><\/li>\n\n\n\n<li><strong>Incluye touchpad.<\/strong><\/li>\n\n\n\n<li><strong>Resiste a salpicaduras.<\/strong><\/li>\n\n\n\n<li><strong>Tecla plana.<\/strong><\/li>\n\n\n\n<li><strong>Con conector USB.<\/strong><\/li>\n\n\n\n<li><strong>Medidas: 354.3mm de ancho, 139.9mm de alto y 23.5mm de profundidad.<\/strong><\/li>\n\n\n\n<li><strong>Indispensable para tus actividades.<\/strong><\/li>\n<\/ul>\n<\/div><figure class=\"wp-block-media-text__media\"><img loading=\"lazy\" decoding=\"async\" width=\"1024\" height=\"503\" src=\"https:\/\/casagoni.com.ar\/wp-content\/uploads\/2022\/08\/D_NQ_NP_2X_614187-MLA32722390623_102019-F-1024x503.webp\" alt=\"\" class=\"wp-image-243 size-full\" srcset=\"https:\/\/casagoni.com.ar\/wp-content\/uploads\/2022\/08\/D_NQ_NP_2X_614187-MLA32722390623_102019-F-1024x503.webp 1024w, https:\/\/casagoni.com.ar\/wp-content\/uploads\/2022\/08\/D_NQ_NP_2X_614187-MLA32722390623_102019-F-300x147.webp 300w, https:\/\/casagoni.com.ar\/wp-content\/uploads\/2022\/08\/D_NQ_NP_2X_614187-MLA32722390623_102019-F-768x377.webp 768w, https:\/\/casagoni.com.ar\/wp-content\/uploads\/2022\/08\/D_NQ_NP_2X_614187-MLA32722390623_102019-F-750x368.webp 750w, https:\/\/casagoni.com.ar\/wp-content\/uploads\/2022\/08\/D_NQ_NP_2X_614187-MLA32722390623_102019-F.webp 1200w\" sizes=\"auto, (max-width: 1024px) 100vw, 1024px\" \/><\/figure><\/div>\n\n\n\n<div style=\"height:100px\" aria-hidden=\"true\" class=\"wp-block-spacer\"><\/div>\n\n\n\n<div class=\"wp-block-media-text alignwide is-stacked-on-mobile\"><figure class=\"wp-block-media-text__media\"><img loading=\"lazy\" decoding=\"async\" width=\"1024\" height=\"497\" src=\"https:\/\/casagoni.com.ar\/wp-content\/uploads\/2022\/08\/D_NQ_NP_2X_787185-MLA48377778550_112021-F-1024x497.webp\" alt=\"\" class=\"wp-image-245 size-full\" srcset=\"https:\/\/casagoni.com.ar\/wp-content\/uploads\/2022\/08\/D_NQ_NP_2X_787185-MLA48377778550_112021-F-1024x497.webp 1024w, https:\/\/casagoni.com.ar\/wp-content\/uploads\/2022\/08\/D_NQ_NP_2X_787185-MLA48377778550_112021-F-300x146.webp 300w, https:\/\/casagoni.com.ar\/wp-content\/uploads\/2022\/08\/D_NQ_NP_2X_787185-MLA48377778550_112021-F-768x373.webp 768w, https:\/\/casagoni.com.ar\/wp-content\/uploads\/2022\/08\/D_NQ_NP_2X_787185-MLA48377778550_112021-F-750x364.webp 750w, https:\/\/casagoni.com.ar\/wp-content\/uploads\/2022\/08\/D_NQ_NP_2X_787185-MLA48377778550_112021-F.webp 1200w\" sizes=\"auto, (max-width: 1024px) 100vw, 1024px\" \/><\/figure><div class=\"wp-block-media-text__content\">\n<p><strong>LOGITECH MK120 USB<\/strong><\/p>\n\n\n\n<ul class=\"wp-block-list\">\n<li><strong>Aptos para windows 7 y versiones superiores.<\/strong><\/li>\n\n\n\n<li><strong>Resistentes a salpicaduras.<\/strong><\/li>\n\n\n\n<li><strong>Contiene 105 teclas y 3 botones.<\/strong><\/li>\n\n\n\n<li><strong>Idioma del teclado: Espa\u00f1ol Latinoam\u00e9rica.<\/strong><\/li>\n\n\n\n<li><strong>Mouse con sensor \u00f3ptico y resoluci\u00f3n de 1000&nbsp;dpi.<\/strong><\/li>\n\n\n\n<li><strong>Interfaz de conexi\u00f3n de los dispositivos usb.<\/strong><\/li>\n\n\n\n<li><strong>Combinaci\u00f3n perfecta y completa para distintas actividades diarias.<\/strong><\/li>\n<\/ul>\n<\/div><\/div>\n\n\n\n<p><\/p>\n\n\n\n<p class=\"has-text-align-center\" style=\"font-size:30px\"><strong>NOGANET<\/strong><\/p>\n\n\n\n<div class=\"wp-block-media-text alignwide has-media-on-the-right is-stacked-on-mobile\"><div class=\"wp-block-media-text__content\">\n<p><strong>NOGANET NK76<\/strong><\/p>\n\n\n\n<ul class=\"wp-block-list\">\n<li><strong>112 Teclas en Espa\u00f1ol<\/strong><\/li>\n\n\n\n<li><strong>&#8211; Conexi\u00f3n USB<\/strong><\/li>\n\n\n\n<li><strong>&#8211; Para Desktop, Notebook y Tablet<\/strong><\/li>\n\n\n\n<li><strong>&#8211; F\u00e1cil de guardar y transportar<\/strong><\/li>\n\n\n\n<li><strong>&#8211; Completamente impermeable<\/strong><\/li>\n\n\n\n<li><strong>-Teclado flexible y silencioso.<\/strong><\/li>\n\n\n\n<li><strong>&#8211; Tipe\u00e1 donde quieras y cuando quieras.<\/strong><\/li>\n\n\n\n<li><strong>&#8211; Fabricado en silicona, termopl\u00e1stico y circuito electr\u00f3nico<\/strong><\/li>\n\n\n\n<li><strong>&#8211; Cable de 1,5 M<\/strong><\/li>\n\n\n\n<li><strong>&#8211; Peso: 300gr<\/strong><\/li>\n\n\n\n<li><strong>&#8211; Compatible con Windows Me\/Xp\/Vista\/Seven\/8\/10<\/strong><\/li>\n<\/ul>\n<\/div><figure class=\"wp-block-media-text__media\"><img loading=\"lazy\" decoding=\"async\" width=\"1000\" height=\"633\" src=\"https:\/\/casagoni.com.ar\/wp-content\/uploads\/2022\/08\/D_NQ_NP_2X_667042-MLA31008174360_062019-F.webp\" alt=\"\" class=\"wp-image-248 size-full\" srcset=\"https:\/\/casagoni.com.ar\/wp-content\/uploads\/2022\/08\/D_NQ_NP_2X_667042-MLA31008174360_062019-F.webp 1000w, https:\/\/casagoni.com.ar\/wp-content\/uploads\/2022\/08\/D_NQ_NP_2X_667042-MLA31008174360_062019-F-300x190.webp 300w, https:\/\/casagoni.com.ar\/wp-content\/uploads\/2022\/08\/D_NQ_NP_2X_667042-MLA31008174360_062019-F-768x486.webp 768w, https:\/\/casagoni.com.ar\/wp-content\/uploads\/2022\/08\/D_NQ_NP_2X_667042-MLA31008174360_062019-F-750x475.webp 750w\" sizes=\"auto, (max-width: 1000px) 100vw, 1000px\" \/><\/figure><\/div>\n\n\n\n<div style=\"height:100px\" aria-hidden=\"true\" class=\"wp-block-spacer\"><\/div>\n\n\n\n<p class=\"has-text-align-center\" style=\"font-size:30px\"><strong>GENIUS<\/strong><\/p>\n\n\n\n<div class=\"wp-block-media-text alignwide has-media-on-the-right is-stacked-on-mobile\"><div class=\"wp-block-media-text__content\">\n<p><strong>GENIUS LUXMATE 100 USB<\/strong><\/p>\n\n\n\n<ul class=\"wp-block-list\">\n<li><strong>Tipo de teclado: membrana.<\/strong><\/li>\n\n\n\n<li><strong>Tecla cil\u00edndrica.<\/strong><\/li>\n\n\n\n<li><strong>Con conector USB.<\/strong><\/li>\n\n\n\n<li><strong>Medidas: 306mm de ancho, 155mm de alto y 20mm de profundidad.<\/strong><\/li>\n\n\n\n<li><strong>Indispensable para tus actividades.<\/strong><\/li>\n<\/ul>\n<\/div><figure class=\"wp-block-media-text__media\"><img loading=\"lazy\" decoding=\"async\" width=\"1024\" height=\"542\" src=\"https:\/\/casagoni.com.ar\/wp-content\/uploads\/2022\/08\/D_NQ_NP_2X_780079-MLA43542301207_092020-F-1024x542.webp\" alt=\"\" class=\"wp-image-251 size-full\" srcset=\"https:\/\/casagoni.com.ar\/wp-content\/uploads\/2022\/08\/D_NQ_NP_2X_780079-MLA43542301207_092020-F-1024x542.webp 1024w, https:\/\/casagoni.com.ar\/wp-content\/uploads\/2022\/08\/D_NQ_NP_2X_780079-MLA43542301207_092020-F-300x159.webp 300w, https:\/\/casagoni.com.ar\/wp-content\/uploads\/2022\/08\/D_NQ_NP_2X_780079-MLA43542301207_092020-F-768x407.webp 768w, https:\/\/casagoni.com.ar\/wp-content\/uploads\/2022\/08\/D_NQ_NP_2X_780079-MLA43542301207_092020-F-750x397.webp 750w, https:\/\/casagoni.com.ar\/wp-content\/uploads\/2022\/08\/D_NQ_NP_2X_780079-MLA43542301207_092020-F.webp 1197w\" sizes=\"auto, (max-width: 1024px) 100vw, 1024px\" \/><\/figure><\/div>\n\n\n\n<p class=\"has-text-align-center has-large-font-size\"><strong>MICROSOFT<\/strong><\/p>\n\n\n\n<p><\/p>\n\n\n\n<div class=\"wp-block-media-text alignwide is-stacked-on-mobile\"><figure class=\"wp-block-media-text__media\"><img loading=\"lazy\" decoding=\"async\" width=\"500\" height=\"147\" src=\"https:\/\/casagoni.com.ar\/wp-content\/uploads\/2024\/09\/D_NQ_NP_793284-MLA74781184211_022024-O.webp\" alt=\"\" class=\"wp-image-499 size-full\" srcset=\"https:\/\/casagoni.com.ar\/wp-content\/uploads\/2024\/09\/D_NQ_NP_793284-MLA74781184211_022024-O.webp 500w, https:\/\/casagoni.com.ar\/wp-content\/uploads\/2024\/09\/D_NQ_NP_793284-MLA74781184211_022024-O-300x88.webp 300w\" sizes=\"auto, (max-width: 500px) 100vw, 500px\" \/><\/figure><div class=\"wp-block-media-text__content\">\n<p class=\"has-medium-font-size\"><strong>Kit Microsoft 600<\/strong> USB<\/p>\n\n\n\n<ul class=\"wp-block-list\">\n<li class=\"has-medium-font-size\"><strong>Aptos para windows.<\/strong><\/li>\n\n\n\n<li class=\"has-medium-font-size\"><strong>Idioma del teclado: Espa\u00f1ol Latinoam\u00e9rica.<\/strong><\/li>\n\n\n\n<li class=\"has-medium-font-size\"><strong>Mouse con sensor \u00f3ptico.<\/strong><\/li>\n\n\n\n<li class=\"has-medium-font-size\"><strong>Interfaz de conexi\u00f3n de los dispositivos usb.<\/strong><\/li>\n\n\n\n<li class=\"has-medium-font-size\"><strong>Combinaci\u00f3n perfecta y completa para distintas actividades diarias.<\/strong><\/li>\n<\/ul>\n<\/div><\/div>\n\n\n\n<p class=\"has-text-align-center has-large-font-size\"><strong>MAXXEL<\/strong><\/p>\n\n\n\n<div class=\"wp-block-media-text has-media-on-the-right is-stacked-on-mobile\"><div class=\"wp-block-media-text__content\">\n<p><strong>Kit compuesto por teclado WKBC-300 y mouse WKBC-300.<\/strong><\/p>\n\n\n\n<p><strong>Idioma del teclado: Espa\u00f1ol Latinoam\u00e9rica.<\/strong><\/p>\n\n\n\n<p><strong>Mouse con sensor \u00f3ptico y resoluci\u00f3n de 1600&nbsp;dpi.<\/strong><\/p>\n\n\n\n<p><strong>Combinaci\u00f3n perfecta y completa para distintas actividades diarias.<\/strong><\/p>\n<\/div><figure class=\"wp-block-media-text__media\"><img loading=\"lazy\" decoding=\"async\" width=\"500\" height=\"153\" src=\"https:\/\/casagoni.com.ar\/wp-content\/uploads\/2024\/09\/D_NQ_NP_783466-MLU74135771844_012024-O.webp\" alt=\"\" class=\"wp-image-501 size-full\" srcset=\"https:\/\/casagoni.com.ar\/wp-content\/uploads\/2024\/09\/D_NQ_NP_783466-MLU74135771844_012024-O.webp 500w, https:\/\/casagoni.com.ar\/wp-content\/uploads\/2024\/09\/D_NQ_NP_783466-MLU74135771844_012024-O-300x92.webp 300w\" sizes=\"auto, (max-width: 500px) 100vw, 500px\" \/><\/figure><\/div>\n\n\n\n<p class=\"has-text-align-center has-large-font-size\"><strong>SENON<\/strong><\/p>\n\n\n\n<div class=\"wp-block-media-text is-stacked-on-mobile\"><figure class=\"wp-block-media-text__media\"><img loading=\"lazy\" decoding=\"async\" width=\"500\" height=\"212\" src=\"https:\/\/casagoni.com.ar\/wp-content\/uploads\/2024\/09\/D_NQ_NP_798415-MLA70409163230_072023-O.webp\" alt=\"\" class=\"wp-image-502 size-full\" srcset=\"https:\/\/casagoni.com.ar\/wp-content\/uploads\/2024\/09\/D_NQ_NP_798415-MLA70409163230_072023-O.webp 500w, https:\/\/casagoni.com.ar\/wp-content\/uploads\/2024\/09\/D_NQ_NP_798415-MLA70409163230_072023-O-300x127.webp 300w\" sizes=\"auto, (max-width: 500px) 100vw, 500px\" \/><\/figure><div class=\"wp-block-media-text__content\">\n<p><strong>Marca: Senon<br>\u2022Modelo: KW278<br>\u2022Tipo: Inal\u00e1mbrico<br>\u2022Alcance: 12 Metros<br>\u2022Frecuencia: 2.4GHz<br>\u2022Conectividad: USB<br>\u2022Funciona con pilas (no incluidas)<\/strong><\/p>\n\n\n\n<p><strong>Especificaciones del Teclado<br>\u2022Medidas: 444 x 138,5 x 22mm<br>\u2022Teclas: 105<\/strong><\/p>\n\n\n\n<p><strong>Especificaciones del Mouse<br>\u2022Medidas: 98 x 60 x 36mm<br>\u2022Botones: 3<br>\u2022Resoluci\u00f3n: 1200 DPI<\/strong><\/p>\n\n\n\n<p><strong>INCLUYE<br>&#8211; 1 Teclado Inal\u00e1mbrico<br>&#8211; 1 Mouse Inal\u00e1mbrico<br>&#8211; 1 Receptor usb<\/strong><\/p>\n<\/div><\/div>\n","protected":false},"excerpt":{"rendered":"<p>LOGITECH LOGITECH MK235 WIRELES ESPECIFICACIONESTipo de conexi\u00f3n: Protocolo no unifying Logitech (2,4 GHz) con nano receptor USBRadio de acci\u00f3n inal\u00e1mbrico: 10 metros \/ 33 piesSoftware compatible: Logitech SetPoint&nbsp;TecladoTeclas planasAltura de teclado ajustableBater\u00edas: 2 x AAADuraci\u00f3n de las bater\u00edas (no recargables): 36 mesesBotones\/Teclas especiales: 15 teclas de funci\u00f3n accesibles a trav\u00e9s de la tecla \u00abfn\u00bb&nbsp;MouseConexi\u00f3n\/alimentaci\u00f3n: Bot\u00f3n&hellip;<\/p>\n","protected":false},"author":1,"featured_media":0,"parent":0,"menu_order":0,"comment_status":"closed","ping_status":"closed","template":"","meta":{"footnotes":""},"class_list":["post-79","page","type-page","status-publish","hentry"],"_links":{"self":[{"href":"https:\/\/casagoni.com.ar\/index.php\/wp-json\/wp\/v2\/pages\/79","targetHints":{"allow":["GET"]}}],"collection":[{"href":"https:\/\/casagoni.com.ar\/index.php\/wp-json\/wp\/v2\/pages"}],"about":[{"href":"https:\/\/casagoni.com.ar\/index.php\/wp-json\/wp\/v2\/types\/page"}],"author":[{"embeddable":true,"href":"https:\/\/casagoni.com.ar\/index.php\/wp-json\/wp\/v2\/users\/1"}],"replies":[{"embeddable":true,"href":"https:\/\/casagoni.com.ar\/index.php\/wp-json\/wp\/v2\/comments?post=79"}],"version-history":[{"count":7,"href":"https:\/\/casagoni.com.ar\/index.php\/wp-json\/wp\/v2\/pages\/79\/revisions"}],"predecessor-version":[{"id":524,"href":"https:\/\/casagoni.com.ar\/index.php\/wp-json\/wp\/v2\/pages\/79\/revisions\/524"}],"wp:attachment":[{"href":"https:\/\/casagoni.com.ar\/index.php\/wp-json\/wp\/v2\/media?parent=79"}],"curies":[{"name":"wp","href":"https:\/\/api.w.org\/{rel}","templated":true}]}}