{"id":75,"date":"2022-01-21T18:12:31","date_gmt":"2022-01-21T18:12:31","guid":{"rendered":"https:\/\/casagoni.com.ar\/?page_id=75"},"modified":"2025-09-08T17:18:20","modified_gmt":"2025-09-08T17:18:20","slug":"monitores","status":"publish","type":"page","link":"https:\/\/casagoni.com.ar\/index.php\/monitores\/","title":{"rendered":"Monitores"},"content":{"rendered":"\n<div class=\"wp-block-media-text alignwide is-stacked-on-mobile\"><figure class=\"wp-block-media-text__media\"><img loading=\"lazy\" decoding=\"async\" width=\"800\" height=\"800\" src=\"https:\/\/casagoni.com.ar\/wp-content\/uploads\/2022\/08\/250580-800-auto.webp\" alt=\"\" class=\"wp-image-231 size-full\" srcset=\"https:\/\/casagoni.com.ar\/wp-content\/uploads\/2022\/08\/250580-800-auto.webp 800w, https:\/\/casagoni.com.ar\/wp-content\/uploads\/2022\/08\/250580-800-auto-300x300.webp 300w, https:\/\/casagoni.com.ar\/wp-content\/uploads\/2022\/08\/250580-800-auto-150x150.webp 150w, https:\/\/casagoni.com.ar\/wp-content\/uploads\/2022\/08\/250580-800-auto-768x768.webp 768w, https:\/\/casagoni.com.ar\/wp-content\/uploads\/2022\/08\/250580-800-auto-750x750.webp 750w\" sizes=\"auto, (max-width: 800px) 100vw, 800px\" \/><\/figure><div class=\"wp-block-media-text__content\">\n<p><strong> GFAST 19.5&#8243;<\/strong><\/p>\n\n\n\n<p><strong>Especificaciones t\u00e9cnicas:<br>&#8211; Marca : Gfas<br>&#8211; Modelo : T-195<br>&#8211; P\/N : T-195<br>&#8211; UPC : 0731199029434<br>&#8211; Color : Negro<br>&#8211; Tama\u00f1o de panel : 19&#8243;<br>&#8211; Curvo\/Plano : Plano<br>&#8211; Colores : 16.7M<br>&#8211; Resoluci\u00f3n : 1600 X 900<br>&#8211; Brillo(Max) : 250cd\/m2<br>&#8211; \u00c1ngulo de vision : 89 grados \/ 89 grados<br>&#8211; Parlantes : No<br>&#8211; Conectividad : 1 x VGA, 1 x HDMI<br>&#8211; Frecuencia de actualizacion : 60 Hz<br>&#8211; Tiempo de respuesta (ms) : 14 ms<br>&#8211; Consumo : 50W (m\u00e1ximo)<br>&#8211; Voltaje : 100-240 V, 50\/60 Hz<br>&#8211; Inclinaci\u00f3n : No<br>&#8211; Giratorio : No<br>&#8211; Pivote : No<br>&#8211; Ajuste en altura : No<br>&#8211; VESA : 100x100mm<br>&#8211; Bloqueo Kensington : No<br>&#8211; Freesync\/Gsync : No<br><\/strong><\/p>\n<\/div><\/div>\n\n\n\n<div style=\"height:100px\" aria-hidden=\"true\" class=\"wp-block-spacer\"><\/div>\n\n\n\n<div class=\"wp-block-media-text alignwide has-media-on-the-right is-stacked-on-mobile\"><div class=\"wp-block-media-text__content\">\n<p><strong>MONITOR TV KODAK 24&#8243;<\/strong><\/p>\n\n\n\n<p><strong>Tv LED de 24 pulgadas y monitor.<br>\u2022 El corto tiempo de respuesta asegura transiciones fluidas entre los cuadros durante las secuencias de acci\u00f3n r\u00e1pida.<br>\u2022 Sintonizador de televisi\u00f3n Digital incorporado.<br>\u2022 Resoluci\u00f3n 1920&#215;1080 FULL HD<br>\u2022 Aspecto 16:9<br>\u2022 Control Remoto<br>\u2022 Entrada VGA x1<br>\u2022 Entrada Hdmi x1<br>\u2022 Entrada USB x1<br>\u2022 Entrada COAXIL x1<br>\u2022 Entrada Video compuesto RCA G\/B\/R + audio L+R<br>\u2022 16.7 M de colores<br>\u2022 \u00c1ngulo de visi\u00f3n: 170\u00ba\/160\u00ba<br>\u2022 Tiempo de respuesta: 5 ms<br>\u2022 Vesa 10 x 10 cm.<br>Conexiones: Hdmi\/Vga\/Usb<\/strong><\/p>\n\n\n\n<div style=\"height:100px\" aria-hidden=\"true\" class=\"wp-block-spacer\"><\/div>\n<\/div><figure class=\"wp-block-media-text__media\"><img loading=\"lazy\" decoding=\"async\" width=\"500\" height=\"329\" src=\"https:\/\/casagoni.com.ar\/wp-content\/uploads\/2022\/08\/D_NQ_NP_737805-MLA48623874458_122021-O.webp\" alt=\"\" class=\"wp-image-234 size-full\" srcset=\"https:\/\/casagoni.com.ar\/wp-content\/uploads\/2022\/08\/D_NQ_NP_737805-MLA48623874458_122021-O.webp 500w, https:\/\/casagoni.com.ar\/wp-content\/uploads\/2022\/08\/D_NQ_NP_737805-MLA48623874458_122021-O-300x197.webp 300w\" sizes=\"auto, (max-width: 500px) 100vw, 500px\" \/><\/figure><\/div>\n\n\n\n<div class=\"wp-block-media-text alignwide is-stacked-on-mobile\"><figure class=\"wp-block-media-text__media\"><img loading=\"lazy\" decoding=\"async\" width=\"500\" height=\"396\" src=\"https:\/\/casagoni.com.ar\/wp-content\/uploads\/2022\/08\/D_NQ_NP_973781-MLA48131216539_112021-O.webp\" alt=\"\" class=\"wp-image-235 size-full\" srcset=\"https:\/\/casagoni.com.ar\/wp-content\/uploads\/2022\/08\/D_NQ_NP_973781-MLA48131216539_112021-O.webp 500w, https:\/\/casagoni.com.ar\/wp-content\/uploads\/2022\/08\/D_NQ_NP_973781-MLA48131216539_112021-O-300x238.webp 300w\" sizes=\"auto, (max-width: 500px) 100vw, 500px\" \/><\/figure><div class=\"wp-block-media-text__content\">\n<p><strong>MONITOR SAMSUNG 24&#8243; <\/strong><\/p>\n\n\n\n<p><strong>ESPECIFICACIONES GENERALES<\/strong><\/p>\n\n\n\n<p>&#8211; <strong>Curvatura de Pantalla: 1800R<br>&#8211; Relaci\u00f3n de aspecto: 16:9<br>&#8211; Brillo (Normal): 250cd\/m2<br>&#8211; Relaci\u00f3n de contraste est\u00e1tico: 3,000:1(Typ)<br>&#8211; Resoluci\u00f3n: 1,920 x 1,080<br>&#8211; Tiempo de Respuesta: 4ms (GTG)<\/strong><\/p>\n\n\n\n<p><strong>PANTALLA<br>&#8211; Tama\u00f1o pantalla (pulgadas): 23.5<br>&#8211; Tama\u00f1o (cm): 59.8<br>&#8211; Pantalla tama\u00f1o (clase): 24<br>&#8211; Curvo<br>&#8211; Tama\u00f1o de la pantalla activa (HxV) (mm): 521.3952(H) * 293.2848(V)<br>&#8211; Curvatura: 1800R<br>&#8211; Relaci\u00f3n de aspecto: 16:9<br>&#8211; Tipo de panel: VA<br>&#8211; Brillo (T\u00edpico): 250cd\/m2<br>&#8211; Brillo m\u00e1ximo (t\u00edpico): 250cd\/m2 cd\/\u00bf<br>&#8211; Brillo (Min): 200cd\/m2<br>&#8211; Relaci\u00f3n de contraste est\u00e1tica: 3,000:1(Typ)<br>&#8211; Ratio de contraste din\u00e1mico: Mega DCR<br>&#8211; Resoluci\u00f3n: 1,920 x 1,080<br>&#8211; Tiempo de respuesta: 4ms (GTG)<br>&#8211; \u00c1ngulo de visi\u00f3n (HxV): 178\u00b0(H)\/178\u00b0(V)<br>&#8211; Soporte de color: 16.7M<br>&#8211; Color Gamut (NTSC 1976): 72%<\/strong><\/p>\n<\/div><\/div>\n\n\n\n<div style=\"height:100px\" aria-hidden=\"true\" class=\"wp-block-spacer\"><\/div>\n\n\n\n<div class=\"wp-block-media-text alignwide has-media-on-the-right is-stacked-on-mobile\"><div class=\"wp-block-media-text__content\">\n<p class=\"has-medium-font-size\"><strong>Monitor Samsung 22&#8243;<\/strong><\/p>\n\n\n\n<p>&nbsp;<strong>Resoluci\u00f3n: 1.920 x 1.080<br>&#8211; Relaci\u00f3n de aspecto: 16:9<br>&#8211; Brillo: 250cd\/m2<br>&#8211; Frecuencia de actualizaci\u00f3n: Max 75hz<br>&#8211; Soporte de color: Max 16.7M<br>&#8211; Tama\u00f1o de la pantalla activa (HxV) (mm): 476.064 \u00d7 267.786 mm<br>&#8211; Interfaces de video: HDMI V1.4 y VGA<br>&#8211; No posee altavoces<br>&#8211; Soporta norma VESA: 100&#215;100 (10x10cm)<br>&#8211; Peso del monitor solo: 2kg<br>&#8211; Peso del monitor con la base: 2.3kg<br>&#8211; Tiempo de respuesta GTG: 5 ms<br>&#8211; \u00c1ngulo de visi\u00f3n horizontal: 178\u00b0<br>&#8211; \u00c1ngulo de visi\u00f3n vertical: 178\u00b0<br>&#8211; Tecnolog\u00edas de la pantalla: FreeSync<br>&#8211; Tipo de panel: IPS.<br>&#8211; Permite inclinaci\u00f3n : 0 +- 12\u00b0 (se recomienda inclina la pantalla con fuerza y cuidado)<\/strong><\/p>\n\n\n\n<div style=\"height:100px\" aria-hidden=\"true\" class=\"wp-block-spacer\"><\/div>\n<\/div><figure class=\"wp-block-media-text__media\"><img loading=\"lazy\" decoding=\"async\" width=\"455\" height=\"500\" src=\"https:\/\/casagoni.com.ar\/wp-content\/uploads\/2023\/01\/D_NQ_NP_972150-MLA52389082771_112022-O.webp\" alt=\"\" class=\"wp-image-358 size-full\" srcset=\"https:\/\/casagoni.com.ar\/wp-content\/uploads\/2023\/01\/D_NQ_NP_972150-MLA52389082771_112022-O.webp 455w, https:\/\/casagoni.com.ar\/wp-content\/uploads\/2023\/01\/D_NQ_NP_972150-MLA52389082771_112022-O-273x300.webp 273w\" sizes=\"auto, (max-width: 455px) 100vw, 455px\" \/><\/figure><\/div>\n\n\n\n<div class=\"wp-block-media-text is-stacked-on-mobile\"><figure class=\"wp-block-media-text__media\"><img loading=\"lazy\" decoding=\"async\" width=\"251\" height=\"201\" src=\"https:\/\/casagoni.com.ar\/wp-content\/uploads\/2024\/08\/images.jpeg\" alt=\"\" class=\"wp-image-480 size-full\"\/><\/figure><div class=\"wp-block-media-text__content\">\n<p><strong>Monitor samsung  27&#8243;<\/strong><\/p>\n\n\n\n<p><strong>Especificaciones :<\/strong><\/p>\n\n\n\n<p><strong>Tama\u00f1o de Pulgadas : 27\u2033 (64 cms)<br>Tipo de Panel : IPS<br>Resoluci\u00f3n de Pantalla : 1920\u00d71080 (FHD)<br>Frecuencia de Actualizacion : 75 Hz<br>Tiempo de Respuesta : 5 ms (GTG)<br>Angulo de Vision : 178\u00b0<br>Entradas de Imagen : 1 HDMI 1 VGA<br>Conexiones : Entrada de Tension AC 100-240v<\/strong><\/p>\n<\/div><\/div>\n\n\n\n<div style=\"height:100px\" aria-hidden=\"true\" class=\"wp-block-spacer\"><\/div>\n\n\n\n<div class=\"wp-block-media-text has-media-on-the-right is-stacked-on-mobile\"><div class=\"wp-block-media-text__content\">\n<p class=\"has-large-font-size\"><strong>VIEWSONIC<\/strong><\/p>\n\n\n\n<ul class=\"wp-block-list\">\n<li><strong>Tama\u00f1o de la pantalla: 24 \u00ab.<\/strong><\/li>\n\n\n\n<li><strong>Resoluci\u00f3n Full HD de 1920 px x 1080 px para im\u00e1genes n\u00edtidas y detalladas.<\/strong><\/li>\n\n\n\n<li><strong>Panel SuperClear\u00ae IPS con \u00e1ngulos de visi\u00f3n de 178\u00b0.<\/strong><\/li>\n\n\n\n<li><strong>Tasa de refresco de 100 Hz para movimiento fluido en juegos y v\u00eddeos.<\/strong><\/li>\n\n\n\n<li><strong>Tiempo de respuesta de 1 ms (MPRT) para minimizar el desenfoque.<\/strong><\/li>\n\n\n\n<li><strong>Montaje VESA compatible para flexibilidad en la instalaci\u00f3n.<\/strong><\/li>\n\n\n\n<li><strong>Brillo de 250 cd\/m\u00b2 para una visualizaci\u00f3n \u00f3ptima en diversas condiciones de luz.<\/strong><\/li>\n<\/ul>\n<\/div><figure class=\"wp-block-media-text__media\"><img loading=\"lazy\" decoding=\"async\" width=\"500\" height=\"402\" src=\"https:\/\/casagoni.com.ar\/wp-content\/uploads\/2025\/09\/D_NQ_NP_824998-MLA80734374152_112024-O.webp\" alt=\"\" class=\"wp-image-573 size-full\" srcset=\"https:\/\/casagoni.com.ar\/wp-content\/uploads\/2025\/09\/D_NQ_NP_824998-MLA80734374152_112024-O.webp 500w, https:\/\/casagoni.com.ar\/wp-content\/uploads\/2025\/09\/D_NQ_NP_824998-MLA80734374152_112024-O-300x241.webp 300w\" sizes=\"auto, (max-width: 500px) 100vw, 500px\" \/><\/figure><\/div>\n\n\n\n<p><\/p>\n\n\n\n<div class=\"wp-block-media-text is-stacked-on-mobile\"><figure class=\"wp-block-media-text__media\"><img loading=\"lazy\" decoding=\"async\" width=\"500\" height=\"405\" src=\"https:\/\/casagoni.com.ar\/wp-content\/uploads\/2025\/09\/D_NQ_NP_844068-MLA84477427052_052025-O.webp\" alt=\"\" class=\"wp-image-574 size-full\" srcset=\"https:\/\/casagoni.com.ar\/wp-content\/uploads\/2025\/09\/D_NQ_NP_844068-MLA84477427052_052025-O.webp 500w, https:\/\/casagoni.com.ar\/wp-content\/uploads\/2025\/09\/D_NQ_NP_844068-MLA84477427052_052025-O-300x243.webp 300w\" sizes=\"auto, (max-width: 500px) 100vw, 500px\" \/><\/figure><div class=\"wp-block-media-text__content\">\n<p class=\"has-large-font-size\"><strong>VIEWSONIC<\/strong><\/p>\n\n\n\n<ul class=\"wp-block-list\">\n<li><strong>Tama\u00f1o de la pantalla: 22 \u00ab.<\/strong><\/li>\n\n\n\n<li><strong>Con montaje VESA.<\/strong><\/li>\n\n\n\n<li><strong>Es reclinable.<\/strong><\/li>\n\n\n\n<li><strong>Con pantalla LED.<\/strong><\/li>\n\n\n\n<li><strong>Con resoluci\u00f3n Full HD (1920 px x 1080 px).<\/strong><\/li>\n\n\n\n<li><strong>Este panel se destaca por sus colores m\u00e1s precisos y mejores \u00e1ngulos de visi\u00f3n gracias a la tecnolog\u00eda IPS.<\/strong><\/li>\n<\/ul>\n<\/div><\/div>\n","protected":false},"excerpt":{"rendered":"<p>GFAST 19.5&#8243; Especificaciones t\u00e9cnicas:&#8211; Marca : Gfas&#8211; Modelo : T-195&#8211; P\/N : T-195&#8211; UPC : 0731199029434&#8211; Color : Negro&#8211; Tama\u00f1o de panel : 19&#8243;&#8211; Curvo\/Plano : Plano&#8211; Colores : 16.7M&#8211; Resoluci\u00f3n : 1600 X 900&#8211; Brillo(Max) : 250cd\/m2&#8211; \u00c1ngulo de vision : 89 grados \/ 89 grados&#8211; Parlantes : No&#8211; Conectividad : 1 x VGA,&hellip;<\/p>\n","protected":false},"author":1,"featured_media":0,"parent":0,"menu_order":0,"comment_status":"closed","ping_status":"closed","template":"","meta":{"footnotes":""},"class_list":["post-75","page","type-page","status-publish","hentry"],"_links":{"self":[{"href":"https:\/\/casagoni.com.ar\/index.php\/wp-json\/wp\/v2\/pages\/75","targetHints":{"allow":["GET"]}}],"collection":[{"href":"https:\/\/casagoni.com.ar\/index.php\/wp-json\/wp\/v2\/pages"}],"about":[{"href":"https:\/\/casagoni.com.ar\/index.php\/wp-json\/wp\/v2\/types\/page"}],"author":[{"embeddable":true,"href":"https:\/\/casagoni.com.ar\/index.php\/wp-json\/wp\/v2\/users\/1"}],"replies":[{"embeddable":true,"href":"https:\/\/casagoni.com.ar\/index.php\/wp-json\/wp\/v2\/comments?post=75"}],"version-history":[{"count":7,"href":"https:\/\/casagoni.com.ar\/index.php\/wp-json\/wp\/v2\/pages\/75\/revisions"}],"predecessor-version":[{"id":575,"href":"https:\/\/casagoni.com.ar\/index.php\/wp-json\/wp\/v2\/pages\/75\/revisions\/575"}],"wp:attachment":[{"href":"https:\/\/casagoni.com.ar\/index.php\/wp-json\/wp\/v2\/media?parent=75"}],"curies":[{"name":"wp","href":"https:\/\/api.w.org\/{rel}","templated":true}]}}