{"id":437,"date":"2023-12-14T14:06:13","date_gmt":"2023-12-14T14:06:13","guid":{"rendered":"https:\/\/casagoni.com.ar\/?page_id=437"},"modified":"2025-03-25T13:33:35","modified_gmt":"2025-03-25T13:33:35","slug":"contadoras-de-billetes","status":"publish","type":"page","link":"https:\/\/casagoni.com.ar\/index.php\/contadoras-de-billetes\/","title":{"rendered":"Contadoras de Billetes"},"content":{"rendered":"\n<div class=\"wp-block-media-text is-stacked-on-mobile\"><figure class=\"wp-block-media-text__media\"><img loading=\"lazy\" decoding=\"async\" width=\"762\" height=\"786\" src=\"https:\/\/casagoni.com.ar\/wp-content\/uploads\/2025\/03\/D_NQ_NP_2X_735358-MLA42185186586_062020-F.webp\" alt=\"\" class=\"wp-image-549 size-full\" srcset=\"https:\/\/casagoni.com.ar\/wp-content\/uploads\/2025\/03\/D_NQ_NP_2X_735358-MLA42185186586_062020-F.webp 762w, https:\/\/casagoni.com.ar\/wp-content\/uploads\/2025\/03\/D_NQ_NP_2X_735358-MLA42185186586_062020-F-291x300.webp 291w, https:\/\/casagoni.com.ar\/wp-content\/uploads\/2025\/03\/D_NQ_NP_2X_735358-MLA42185186586_062020-F-750x774.webp 750w\" sizes=\"auto, (max-width: 762px) 100vw, 762px\" \/><\/figure><div class=\"wp-block-media-text__content\">\n<p><strong>ELITRONIC BILL COUNTER<\/strong><\/p>\n\n\n\n<p><strong>CONTADORA DE BILLETES<\/strong><\/p>\n\n\n\n<p><strong>\u2022 Compatible con la mayor\u00eda de billetes del mundo.<br>\u2022 Detecci\u00f3n de falsos: d\u00f3lares, euros, reales y pesos nuevos.<br>\u2022 Sistemas de detecci\u00f3n UV y MG.<br>\u2022 Display Incorporado.<br>\u2022 Display externo con conexi\u00f3n RJ11.<br>\u2022 Velocidad 1000 billetes por minutos.<br>\u2022 Sistema batch para agrupar billetes.<br>\u2022 Sistema de detecci\u00f3n de billetes en ambas bandejas.<br>\u2022 Capacidad de bandeja de 150 billetes.<br>\u2022 Conteo autom\u00e1tico.<br>\u2022 Conteo predeterminado.<br>\u2022 Alarma de detecci\u00f3n de falsos.<br>\u2022 Tama\u00f1o de billetes: 50x110mm (m\u00ednimo) y 90x190mm (m\u00e1ximo).<br>\u2022 Peso neto: 5.7Kg.<br>\u2022 Consumo: 80w.<br>\u2022 Dimensiones: 28 (largo) x 25 (ancho) x 18 (alto) cm.<br>\u2022 Voltaje: 220v 50Hz.<\/strong><\/p>\n<\/div><\/div>\n","protected":false},"excerpt":{"rendered":"<p>ELITRONIC BILL COUNTER CONTADORA DE BILLETES \u2022 Compatible con la mayor\u00eda de billetes del mundo.\u2022 Detecci\u00f3n de falsos: d\u00f3lares, euros, reales y pesos nuevos.\u2022 Sistemas de detecci\u00f3n UV y MG.\u2022 Display Incorporado.\u2022 Display externo con conexi\u00f3n RJ11.\u2022 Velocidad 1000 billetes por minutos.\u2022 Sistema batch para agrupar billetes.\u2022 Sistema de detecci\u00f3n de billetes en ambas bandejas.\u2022&hellip;<\/p>\n","protected":false},"author":1,"featured_media":0,"parent":0,"menu_order":0,"comment_status":"closed","ping_status":"closed","template":"","meta":{"footnotes":""},"class_list":["post-437","page","type-page","status-publish","hentry"],"_links":{"self":[{"href":"https:\/\/casagoni.com.ar\/index.php\/wp-json\/wp\/v2\/pages\/437","targetHints":{"allow":["GET"]}}],"collection":[{"href":"https:\/\/casagoni.com.ar\/index.php\/wp-json\/wp\/v2\/pages"}],"about":[{"href":"https:\/\/casagoni.com.ar\/index.php\/wp-json\/wp\/v2\/types\/page"}],"author":[{"embeddable":true,"href":"https:\/\/casagoni.com.ar\/index.php\/wp-json\/wp\/v2\/users\/1"}],"replies":[{"embeddable":true,"href":"https:\/\/casagoni.com.ar\/index.php\/wp-json\/wp\/v2\/comments?post=437"}],"version-history":[{"count":4,"href":"https:\/\/casagoni.com.ar\/index.php\/wp-json\/wp\/v2\/pages\/437\/revisions"}],"predecessor-version":[{"id":551,"href":"https:\/\/casagoni.com.ar\/index.php\/wp-json\/wp\/v2\/pages\/437\/revisions\/551"}],"wp:attachment":[{"href":"https:\/\/casagoni.com.ar\/index.php\/wp-json\/wp\/v2\/media?parent=437"}],"curies":[{"name":"wp","href":"https:\/\/api.w.org\/{rel}","templated":true}]}}