{"id":187,"date":"2022-04-25T17:10:19","date_gmt":"2022-04-25T17:10:19","guid":{"rendered":"https:\/\/casagoni.com.ar\/?page_id=187"},"modified":"2022-04-25T17:49:18","modified_gmt":"2022-04-25T17:49:18","slug":"controladores-fiscales","status":"publish","type":"page","link":"https:\/\/casagoni.com.ar\/index.php\/controladores-fiscales\/","title":{"rendered":"Controladores Fiscales"},"content":{"rendered":"\n<div class=\"wp-block-media-text alignwide is-stacked-on-mobile\"><figure class=\"wp-block-media-text__media\"><img loading=\"lazy\" decoding=\"async\" width=\"515\" height=\"343\" src=\"https:\/\/casagoni.com.ar\/wp-content\/uploads\/2022\/04\/TM-T900FA_1.jpg\" alt=\"\" class=\"wp-image-204 size-full\" srcset=\"https:\/\/casagoni.com.ar\/wp-content\/uploads\/2022\/04\/TM-T900FA_1.jpg 515w, https:\/\/casagoni.com.ar\/wp-content\/uploads\/2022\/04\/TM-T900FA_1-300x200.jpg 300w\" sizes=\"auto, (max-width: 515px) 100vw, 515px\" \/><\/figure><div class=\"wp-block-media-text__content\">\n<p class=\"has-medium-font-size\"><strong>Epson TM900AF<\/strong><\/p>\n\n\n\n<ul class=\"has-medium-font-size wp-block-list\"><li><strong>Imprimir: Tecnolog\u00eda de Impresi\u00f3n: T\u00e9rmica directa Resoluci\u00f3n de Impresi\u00f3n: 203 dpi. Velocidad de Impresi\u00f3n: 260 mm\/s.<\/strong><\/li><li><strong>General: Dimensiones: Base: 140 mm &#8211; Altura: 186 mm &#8211; Espesor: 199 mm Peso: Aprox. 2.3 Kg.<\/strong><\/li><li><strong>Fuentes de Impresi\u00f3n: Fuentes de impresi\u00f3n: Fuente A: 48 cpl Capacidad de la columna: Fuente B: 64 cpl.<\/strong><\/li><\/ul>\n<\/div><\/div>\n\n\n\n<div style=\"height:100px\" aria-hidden=\"true\" class=\"wp-block-spacer\"><\/div>\n\n\n\n<div class=\"wp-block-media-text alignwide has-media-on-the-right is-stacked-on-mobile\"><figure class=\"wp-block-media-text__media\"><img loading=\"lazy\" decoding=\"async\" width=\"860\" height=\"653\" src=\"https:\/\/casagoni.com.ar\/wp-content\/uploads\/2022\/04\/hasar_6100_1.jpg\" alt=\"\" class=\"wp-image-207 size-full\" srcset=\"https:\/\/casagoni.com.ar\/wp-content\/uploads\/2022\/04\/hasar_6100_1.jpg 860w, https:\/\/casagoni.com.ar\/wp-content\/uploads\/2022\/04\/hasar_6100_1-300x228.jpg 300w, https:\/\/casagoni.com.ar\/wp-content\/uploads\/2022\/04\/hasar_6100_1-768x583.jpg 768w, https:\/\/casagoni.com.ar\/wp-content\/uploads\/2022\/04\/hasar_6100_1-750x569.jpg 750w\" sizes=\"auto, (max-width: 860px) 100vw, 860px\" \/><\/figure><div class=\"wp-block-media-text__content\">\n<p class=\"has-medium-font-size\"><strong>Hasar 6100<\/strong><\/p>\n\n\n\n<ul class=\"has-medium-font-size wp-block-list\"><li><strong>Marca:\u00a0Hasar.<\/strong><\/li><li><strong>Modelo: R-HAS-6100-F.<\/strong><\/li><li><strong>Tipo de impresora: Fiscal.<\/strong><\/li><li><strong>Tecnolog\u00eda de impresi\u00f3n: T\u00e9rmica.<\/strong><\/li><li><strong>Tipo de impresi\u00f3n: Monocrom\u00e1tica.<\/strong><\/li><li><strong>Tama\u00f1os de papel: 57 mm.<\/strong><\/li><\/ul>\n<\/div><\/div>\n","protected":false},"excerpt":{"rendered":"<p>Epson TM900AF Imprimir: Tecnolog\u00eda de Impresi\u00f3n: T\u00e9rmica directa Resoluci\u00f3n de Impresi\u00f3n: 203 dpi. Velocidad de Impresi\u00f3n: 260 mm\/s. General: Dimensiones: Base: 140 mm &#8211; Altura: 186 mm &#8211; Espesor: 199 mm Peso: Aprox. 2.3 Kg. Fuentes de Impresi\u00f3n: Fuentes de impresi\u00f3n: Fuente A: 48 cpl Capacidad de la columna: Fuente B: 64 cpl. Hasar 6100&hellip;<\/p>\n","protected":false},"author":1,"featured_media":0,"parent":0,"menu_order":0,"comment_status":"closed","ping_status":"closed","template":"","meta":{"footnotes":""},"class_list":["post-187","page","type-page","status-publish","hentry"],"_links":{"self":[{"href":"https:\/\/casagoni.com.ar\/index.php\/wp-json\/wp\/v2\/pages\/187","targetHints":{"allow":["GET"]}}],"collection":[{"href":"https:\/\/casagoni.com.ar\/index.php\/wp-json\/wp\/v2\/pages"}],"about":[{"href":"https:\/\/casagoni.com.ar\/index.php\/wp-json\/wp\/v2\/types\/page"}],"author":[{"embeddable":true,"href":"https:\/\/casagoni.com.ar\/index.php\/wp-json\/wp\/v2\/users\/1"}],"replies":[{"embeddable":true,"href":"https:\/\/casagoni.com.ar\/index.php\/wp-json\/wp\/v2\/comments?post=187"}],"version-history":[{"count":4,"href":"https:\/\/casagoni.com.ar\/index.php\/wp-json\/wp\/v2\/pages\/187\/revisions"}],"predecessor-version":[{"id":208,"href":"https:\/\/casagoni.com.ar\/index.php\/wp-json\/wp\/v2\/pages\/187\/revisions\/208"}],"wp:attachment":[{"href":"https:\/\/casagoni.com.ar\/index.php\/wp-json\/wp\/v2\/media?parent=187"}],"curies":[{"name":"wp","href":"https:\/\/api.w.org\/{rel}","templated":true}]}}