{"id":13,"date":"2022-01-21T16:48:14","date_gmt":"2022-01-21T16:48:14","guid":{"rendered":"https:\/\/casagoni.com.ar\/?page_id=13"},"modified":"2025-09-08T17:10:54","modified_gmt":"2025-09-08T17:10:54","slug":"acerca-de","status":"publish","type":"page","link":"https:\/\/casagoni.com.ar\/index.php\/acerca-de\/","title":{"rendered":"Sobre Nosotros"},"content":{"rendered":"\n<p><\/p>\n\n\n\n<p>Creada en 1970, Casa Go\u00f1i lleva una trayectoria de m\u00e1s de 60<em>\u00a0a\u00f1os\u00a0<\/em>brindando servicios en computaci\u00f3n, telefon\u00eda e insumos para la oficina, desde su local comercial, ubicado en la calle Montevideo 720 de la Ciudad Aut\u00f3noma de Buenos Aires, y atendido por sus propios due\u00f1os.<\/p>\n\n\n\n<p>Desde nuestros comienzos brindamos servicios de alta calidad, unificando criterios y desarrollando ideas para mantener nuestro nivel.<\/p>\n\n\n\n<p>Con los a\u00f1os hemos obtenido experiencia y conocimiento que es implementada para generar soluciones. A lo largo de estos a\u00f1os nuestro desarrollo en el mercado, nos ha permitido un crecimiento importante, logrando as\u00ed la creaci\u00f3n de un Laboratorio Electr\u00f3nico, la incorporaci\u00f3n de nuevos equipamientos y una amplia gama de productos.<\/p>\n\n\n\n<p class=\"has-text-align-left\"><strong>Computaci\u00f3n<\/strong>:&nbsp;&nbsp;&nbsp;&nbsp;&nbsp;&nbsp;&nbsp;&nbsp;&nbsp;&nbsp;&nbsp;&nbsp;&nbsp;&nbsp;&nbsp;&nbsp;&nbsp;&nbsp;&nbsp;&nbsp;&nbsp;&nbsp;&nbsp;&nbsp;&nbsp;&nbsp;&nbsp;&nbsp;&nbsp;&nbsp;&nbsp;&nbsp;&nbsp;&nbsp;&nbsp;&nbsp;&nbsp;&nbsp;&nbsp;&nbsp;&nbsp;<\/p>\n\n\n\n<p class=\"has-text-align-left\">\u2022 Equipos de escritorio&nbsp;&nbsp;&nbsp;&nbsp;&nbsp;&nbsp;&nbsp;&nbsp;&nbsp;&nbsp;&nbsp;<\/p>\n\n\n\n<p class=\"has-text-align-left\">&nbsp;\u2022&nbsp;Notebooks&nbsp;&nbsp;&nbsp;&nbsp;&nbsp;&nbsp;&nbsp;&nbsp;&nbsp;&nbsp;&nbsp;&nbsp;&nbsp;&nbsp;&nbsp;<\/p>\n\n\n\n<p class=\"has-text-align-left\">&nbsp;\u2022 Impresoras&nbsp;&nbsp;&nbsp;&nbsp;&nbsp;&nbsp;&nbsp;&nbsp;&nbsp;&nbsp;&nbsp;&nbsp;<\/p>\n\n\n\n<p class=\"has-text-align-left\">\u2022 Monitores&nbsp;&nbsp;&nbsp;&nbsp;&nbsp;&nbsp;&nbsp;&nbsp;&nbsp;&nbsp;&nbsp;&nbsp;<\/p>\n\n\n\n<p class=\"has-text-align-left\">\u2022 Scanners&nbsp;&nbsp;&nbsp;&nbsp;&nbsp;&nbsp;&nbsp;&nbsp;&nbsp;&nbsp;&nbsp;<\/p>\n\n\n\n<p class=\"has-text-align-left\">&nbsp;\u2022 Insumos&nbsp;&nbsp;&nbsp;&nbsp;&nbsp;&nbsp;&nbsp;&nbsp;&nbsp;&nbsp;&nbsp;<\/p>\n\n\n\n<p class=\"has-text-align-left\">&nbsp;\u2022 Accesorios&nbsp;&nbsp;&nbsp;&nbsp;&nbsp;&nbsp;&nbsp;&nbsp;&nbsp;&nbsp;&nbsp;<\/p>\n\n\n\n<p class=\"has-text-align-left\">&nbsp;\u2022 Hardware&nbsp;&nbsp;&nbsp;&nbsp;&nbsp;&nbsp;&nbsp;&nbsp;&nbsp;&nbsp;&nbsp;&nbsp;<\/p>\n\n\n\n<p class=\"has-text-align-left\">\u2022 Software&nbsp;&nbsp;&nbsp;&nbsp;&nbsp;&nbsp;&nbsp;&nbsp;&nbsp;&nbsp;&nbsp;&nbsp;<\/p>\n\n\n\n<p class=\"has-text-align-left\">\u2022 Redes de datos&nbsp;&nbsp;&nbsp;&nbsp;&nbsp;&nbsp;&nbsp;&nbsp;&nbsp;&nbsp;&nbsp;&nbsp;<\/p>\n\n\n\n<p class=\"has-text-align-left\">&nbsp;\u2022 Hubs&nbsp;&nbsp;&nbsp;&nbsp;&nbsp;&nbsp;&nbsp;&nbsp;&nbsp;&nbsp;&nbsp;&nbsp;<\/p>\n\n\n\n<p class=\"has-text-align-left\">\u2022 Routers&nbsp;&nbsp;&nbsp;&nbsp;&nbsp;&nbsp;&nbsp;&nbsp;&nbsp;&nbsp;&nbsp;&nbsp;<\/p>\n\n\n\n<p class=\"has-text-align-left\">\u2022 UPS&nbsp;&nbsp;&nbsp;&nbsp;&nbsp;&nbsp;&nbsp;&nbsp;&nbsp;&nbsp;&nbsp;&nbsp;<\/p>\n\n\n\n<p class=\"has-text-align-left\">\u2022 Estabilizadores&nbsp;&nbsp;&nbsp;&nbsp;&nbsp;&nbsp;&nbsp;&nbsp;&nbsp;&nbsp;&nbsp;&nbsp;&nbsp;&nbsp;&nbsp;<\/p>\n\n\n\n<p class=\"has-text-align-left\">&nbsp;<strong><u>Telefon\u00eda:<\/u>&nbsp;&nbsp;<\/strong>&nbsp;&nbsp;&nbsp;&nbsp;&nbsp;&nbsp;&nbsp;&nbsp;&nbsp; &nbsp;&nbsp;&nbsp;&nbsp;&nbsp;&nbsp;&nbsp;&nbsp;&nbsp;&nbsp;&nbsp;&nbsp;<\/p>\n\n\n\n<p class=\"has-text-align-left\">&nbsp;\u2022 Conmutadores&nbsp;&nbsp;&nbsp;&nbsp;&nbsp;&nbsp;&nbsp;&nbsp;&nbsp;&nbsp;&nbsp;&nbsp;&nbsp;<\/p>\n\n\n\n<p class=\"has-text-align-left\">\u2022 Tel\u00e9fonos&nbsp;&nbsp;&nbsp;&nbsp;&nbsp;&nbsp;&nbsp;&nbsp;&nbsp;&nbsp;&nbsp;&nbsp;<\/p>\n\n\n\n<p class=\"has-text-align-left\">\u2022 Facs\u00edmiles&nbsp;&nbsp;&nbsp;&nbsp;&nbsp;&nbsp;&nbsp;&nbsp;&nbsp;&nbsp;&nbsp;&nbsp;<\/p>\n\n\n\n<p class=\"has-text-align-left\">&nbsp;\u2022 Insumos&nbsp;&nbsp;&nbsp;&nbsp;&nbsp;&nbsp;&nbsp;&nbsp;&nbsp;&nbsp;<\/p>\n\n\n\n<p class=\"has-text-align-left\">&nbsp;&nbsp;\u2022 Accesorios&nbsp;&nbsp;&nbsp;&nbsp;&nbsp;&nbsp;&nbsp;&nbsp;&nbsp;&nbsp;&nbsp;&nbsp;&nbsp;&nbsp;&nbsp;&nbsp;<strong>&nbsp;&nbsp;&nbsp;&nbsp;&nbsp;&nbsp;&nbsp;&nbsp;&nbsp;&nbsp;&nbsp;&nbsp;<\/strong><\/p>\n\n\n\n<p class=\"has-text-align-left\"><strong><u>M\u00e1quinas de oficina:<\/u><\/strong>&nbsp;&nbsp;&nbsp;&nbsp;&nbsp;&nbsp;&nbsp;&nbsp;&nbsp;&nbsp;&nbsp;&nbsp;&nbsp;&nbsp;&nbsp;&nbsp;&nbsp;&nbsp;&nbsp;&nbsp;&nbsp;&nbsp;&nbsp;<\/p>\n\n\n\n<p class=\"has-text-align-left\">&nbsp;\u2022 Calculadoras&nbsp;&nbsp;&nbsp;&nbsp;&nbsp;&nbsp;&nbsp;&nbsp;&nbsp;&nbsp;&nbsp;&nbsp;&nbsp;&nbsp;&nbsp;&nbsp;&nbsp;&nbsp;&nbsp;&nbsp;&nbsp;&nbsp;&nbsp;<\/p>\n\n\n\n<p class=\"has-text-align-left\">&nbsp;\u2022 Insumos y accesorios&nbsp;&nbsp;&nbsp;&nbsp;&nbsp;&nbsp;&nbsp;&nbsp;&nbsp;&nbsp;<\/p>\n\n\n\n<p class=\"has-text-align-left\"> \u2022 Impresoras&nbsp; &nbsp; &nbsp; &nbsp; &nbsp; &nbsp;<\/p>\n\n\n\n<p class=\"has-text-align-left\">&nbsp;\u2022 Controladores Fiscales&nbsp; &nbsp; &nbsp; &nbsp; &nbsp; &nbsp;&nbsp;<\/p>\n\n\n\n<p class=\"has-text-align-left\">\u2022 Impresoras Fiscales<br>&nbsp; &nbsp; &nbsp; &nbsp; &nbsp; &nbsp;&nbsp;&nbsp;&nbsp;&nbsp;<\/p>\n\n\n\n<p class=\"has-text-align-left\">Laboratorio T\u00e9cnico \/ Servicios a domicilio \/ Reparaciones Configuraciones \/ Instalaciones \/&nbsp;&nbsp;Abonos mensuales.<\/p>\n","protected":false},"excerpt":{"rendered":"<p>Creada en 1970, Casa Go\u00f1i lleva una trayectoria de m\u00e1s de 60\u00a0a\u00f1os\u00a0brindando servicios en computaci\u00f3n, telefon\u00eda e insumos para la oficina, desde su local comercial, ubicado en la calle Montevideo 720 de la Ciudad Aut\u00f3noma de Buenos Aires, y atendido por sus propios due\u00f1os. Desde nuestros comienzos brindamos servicios de alta calidad, unificando criterios y&hellip;<\/p>\n","protected":false},"author":1,"featured_media":0,"parent":0,"menu_order":0,"comment_status":"closed","ping_status":"closed","template":"","meta":{"footnotes":""},"class_list":["post-13","page","type-page","status-publish","hentry"],"_links":{"self":[{"href":"https:\/\/casagoni.com.ar\/index.php\/wp-json\/wp\/v2\/pages\/13","targetHints":{"allow":["GET"]}}],"collection":[{"href":"https:\/\/casagoni.com.ar\/index.php\/wp-json\/wp\/v2\/pages"}],"about":[{"href":"https:\/\/casagoni.com.ar\/index.php\/wp-json\/wp\/v2\/types\/page"}],"author":[{"embeddable":true,"href":"https:\/\/casagoni.com.ar\/index.php\/wp-json\/wp\/v2\/users\/1"}],"replies":[{"embeddable":true,"href":"https:\/\/casagoni.com.ar\/index.php\/wp-json\/wp\/v2\/comments?post=13"}],"version-history":[{"count":8,"href":"https:\/\/casagoni.com.ar\/index.php\/wp-json\/wp\/v2\/pages\/13\/revisions"}],"predecessor-version":[{"id":571,"href":"https:\/\/casagoni.com.ar\/index.php\/wp-json\/wp\/v2\/pages\/13\/revisions\/571"}],"wp:attachment":[{"href":"https:\/\/casagoni.com.ar\/index.php\/wp-json\/wp\/v2\/media?parent=13"}],"curies":[{"name":"wp","href":"https:\/\/api.w.org\/{rel}","templated":true}]}}